{"id":66,"date":"2022-10-19T15:47:29","date_gmt":"2022-10-19T15:47:29","guid":{"rendered":"http:\/\/koenigsspringer.de\/?page_id=66"},"modified":"2022-10-19T15:47:30","modified_gmt":"2022-10-19T15:47:30","slug":"impressum","status":"publish","type":"page","link":"http:\/\/koenigsspringer.de\/?page_id=66","title":{"rendered":"Impressum"},"content":{"rendered":"\n<p>Impressum<br>Angaben gem\u00e4\u00df \u00a7 5 TMG<br>SC Buer-Hassel 1919 e.V.<br>L\u00fcttinghofstr. 3<br>45896 Gelsenkirchen<br>Vereinsregister: VR 20372<br>Registergericht: Amtsgericht Gelsenkirchen<br>Vertreten durch:<br>Vorsitzender: Herr J\u00f6rg Giller<br>Vorstand: Herr J\u00f6rg B\u00f6ving<br>Vorstand: Herr Hans J\u00fcrgen Kremer<br>Kontakt<br>Telefon: 02 09 \/ 6 42 14<br>Telefax: 02 09 \/ 3 19 63 28<br>E-Mail: koenigsspringer@koenigsspringer.de<br>Umsatzsteuer-ID<br>Umsatzsteuer-Identifikationsnummer gem\u00e4\u00df \u00a7 27 a Umsatzsteuergesetz:<br>319 \/ 5915 \/ 5130<br>Verbraucherstreitbeilegung\/Universalschlichtungsstelle<br>Wir sind nicht bereit oder verpflichtet, an Streitbeilegungsverfahren vor einer<br>Verbraucherschlichtungsstelle teilzunehmen.<br>Quelle:<br>https:\/\/www.e-recht24.de\/impressum-generator.html<\/p>\n","protected":false},"excerpt":{"rendered":"<p>ImpressumAngaben gem\u00e4\u00df \u00a7 5 TMGSC Buer-Hassel 1919 e.V.L\u00fcttinghofstr. 345896 GelsenkirchenVereinsregister: VR 20372Registergericht: Amtsgericht GelsenkirchenVertreten durch:Vorsitzender: Herr J\u00f6rg GillerVorstand: Herr J\u00f6rg<\/p>\n","protected":false},"author":1,"featured_media":0,"parent":0,"menu_order":0,"comment_status":"closed","ping_status":"closed","template":"","meta":{"colormag_page_container_layout":"default_layout","colormag_page_sidebar_layout":"default_layout","footnotes":""},"class_list":["post-66","page","type-page","status-publish","hentry"],"_links":{"self":[{"href":"http:\/\/koenigsspringer.de\/index.php?rest_route=\/wp\/v2\/pages\/66","targetHints":{"allow":["GET"]}}],"collection":[{"href":"http:\/\/koenigsspringer.de\/index.php?rest_route=\/wp\/v2\/pages"}],"about":[{"href":"http:\/\/koenigsspringer.de\/index.php?rest_route=\/wp\/v2\/types\/page"}],"author":[{"embeddable":true,"href":"http:\/\/koenigsspringer.de\/index.php?rest_route=\/wp\/v2\/users\/1"}],"replies":[{"embeddable":true,"href":"http:\/\/koenigsspringer.de\/index.php?rest_route=%2Fwp%2Fv2%2Fcomments&post=66"}],"version-history":[{"count":1,"href":"http:\/\/koenigsspringer.de\/index.php?rest_route=\/wp\/v2\/pages\/66\/revisions"}],"predecessor-version":[{"id":67,"href":"http:\/\/koenigsspringer.de\/index.php?rest_route=\/wp\/v2\/pages\/66\/revisions\/67"}],"wp:attachment":[{"href":"http:\/\/koenigsspringer.de\/index.php?rest_route=%2Fwp%2Fv2%2Fmedia&parent=66"}],"curies":[{"name":"wp","href":"https:\/\/api.w.org\/{rel}","templated":true}]}}