{"id":150,"date":"2022-10-24T14:42:30","date_gmt":"2022-10-24T14:42:30","guid":{"rendered":"http:\/\/koenigsspringer.de\/?page_id=150"},"modified":"2025-08-10T11:39:59","modified_gmt":"2025-08-10T11:39:59","slug":"3-mannschaft-saison-2023-2024","status":"publish","type":"page","link":"http:\/\/koenigsspringer.de\/?page_id=150","title":{"rendered":"3. Mannschaft Saison 2025\/2026"},"content":{"rendered":"\n<p><strong>Kreisliga <\/strong>(<a href=\"https:\/\/ergebnisdienst.svr-schach.de\/index.php\/saison-2025-2026\/sb-emscher-lippe\/kreisliga?view=rangliste&amp;liga=43\" target=\"_blank\" rel=\"noreferrer noopener\">Liga und Ergebnisse beim Schachverband<\/a>)<\/p>\n\n\n\n<p><strong>Mannschaftsf\u00fchrer<\/strong>: <\/p>\n\n\n\n<p><strong>Aufstellung<\/strong><\/p>\n\n\n\n<p>17 Abdulhamid,David<\/p>\n\n\n\n<p>18 Sch\u00e4ufele,J\u00f6rg<\/p>\n\n\n\n<p>19 Deno,Thomas<\/p>\n\n\n\n<p>20 Komsucuk,Salih<\/p>\n\n\n\n<p>21 Demond,Ricardo<\/p>\n\n\n\n<p>22 Tatar,Basar Berat<\/p>\n\n\n\n<p>23 Krieger,Thomas<\/p>\n\n\n\n<p>24 Piotrowski,Ulrich<\/p>\n\n\n\n<p>25 Pokropp,Hans-Georg<\/p>\n\n\n\n<p>26 Franke,Karl-Heinz<\/p>\n\n\n\n<p>27 Swinka,Tyler<\/p>\n\n\n\n<p>28 W\u00fcbbena,Mars<\/p>\n\n\n\n<p>29 Gabler,Emma<\/p>\n\n\n\n<p><\/p>\n","protected":false},"excerpt":{"rendered":"<p>Kreisliga (Liga und Ergebnisse beim Schachverband) Mannschaftsf\u00fchrer: Aufstellung 17 Abdulhamid,David 18 Sch\u00e4ufele,J\u00f6rg 19 Deno,Thomas 20 Komsucuk,Salih 21 Demond,Ricardo 22 Tatar,Basar<\/p>\n","protected":false},"author":1,"featured_media":0,"parent":0,"menu_order":0,"comment_status":"closed","ping_status":"closed","template":"","meta":{"colormag_page_container_layout":"no_sidebar_full_width","colormag_page_sidebar_layout":"left_sidebar","footnotes":""},"class_list":["post-150","page","type-page","status-publish","hentry"],"_links":{"self":[{"href":"http:\/\/koenigsspringer.de\/index.php?rest_route=\/wp\/v2\/pages\/150","targetHints":{"allow":["GET"]}}],"collection":[{"href":"http:\/\/koenigsspringer.de\/index.php?rest_route=\/wp\/v2\/pages"}],"about":[{"href":"http:\/\/koenigsspringer.de\/index.php?rest_route=\/wp\/v2\/types\/page"}],"author":[{"embeddable":true,"href":"http:\/\/koenigsspringer.de\/index.php?rest_route=\/wp\/v2\/users\/1"}],"replies":[{"embeddable":true,"href":"http:\/\/koenigsspringer.de\/index.php?rest_route=%2Fwp%2Fv2%2Fcomments&post=150"}],"version-history":[{"count":11,"href":"http:\/\/koenigsspringer.de\/index.php?rest_route=\/wp\/v2\/pages\/150\/revisions"}],"predecessor-version":[{"id":499,"href":"http:\/\/koenigsspringer.de\/index.php?rest_route=\/wp\/v2\/pages\/150\/revisions\/499"}],"wp:attachment":[{"href":"http:\/\/koenigsspringer.de\/index.php?rest_route=%2Fwp%2Fv2%2Fmedia&parent=150"}],"curies":[{"name":"wp","href":"https:\/\/api.w.org\/{rel}","templated":true}]}}